{"id":19787,"date":"2025-01-06T20:45:38","date_gmt":"2025-01-06T20:45:38","guid":{"rendered":"https:\/\/worldpressfreedomcanada.ca\/?page_id=19787"},"modified":"2025-02-22T00:10:58","modified_gmt":"2025-02-22T00:10:58","slug":"plaidoyer","status":"publish","type":"page","link":"https:\/\/worldpressfreedomcanada.ca\/fr\/plaidoyer\/","title":{"rendered":"Plaidoyer"},"content":{"rendered":"\n<h2 class=\"wp-block-heading\">Plaidoyer pour la libert\u00e9 de la presse<\/h2>\n\n\n\n<hr class=\"wp-block-separator has-alpha-channel-opacity\"\/>\n\n\n\n<p>\u00c0 Libert\u00e9 de la presse Canada, nous nous employons \u00e0 plaider en faveur d&rsquo;une meilleure protection des journalistes et des travailleurs des m\u00e9dias, tant dans la l\u00e9gislation que dans la pratique. Nous reconnaissons le r\u00f4le vital que jouent les journalistes dans le maintien de la d\u00e9mocratie, et nous pensons qu&rsquo;ils doivent pouvoir travailler librement, sans crainte de repr\u00e9sailles, de censure ou de pr\u00e9judice.<\/p>\n\n\n\n<p class=\"has-small-font-size\">Dans le paysage politique complexe d&rsquo;aujourd&rsquo;hui et les soci\u00e9t\u00e9s de plus en plus polaris\u00e9es \u00e0 travers le monde, le r\u00f4le d&rsquo;un m\u00e9dia libre et robuste n&rsquo;a jamais \u00e9t\u00e9 aussi crucial. Qu&rsquo;il s&rsquo;agisse de rendre compte des conflits mondiaux, de lutter contre la d\u00e9sinformation ou de couvrir les d\u00e9bats nationaux, les m\u00e9dias continuent de jouer un r\u00f4le central dans l&rsquo;information du public et la promotion du dialogue d\u00e9mocratique.<\/p>\n\n\n\n<p class=\"has-small-font-size\">La responsabilit\u00e9 des m\u00e9dias de rapporter les faits est plus importante que jamais, en particulier avec l&rsquo;augmentation des contenus g\u00e9n\u00e9r\u00e9s par l&rsquo;IA, les \u00ab deep fakes \u00bb et la propagation de la d\u00e9sinformation sur les plateformes de m\u00e9dias sociaux. Ce sont souvent des journalistes form\u00e9s et des travailleurs des m\u00e9dias qui sont en premi\u00e8re ligne, en coupant \u00e0 travers ces distorsions pour fournir la v\u00e9rit\u00e9 dont le public a besoin pour prendre des d\u00e9cisions en connaissance de cause.<\/p>\n\n\n\n<p class=\"has-small-font-size\">En d\u00e9fendant les droits de la presse, nous ne prot\u00e9geons pas seulement ceux qui rapportent les nouvelles, nous d\u00e9fendons le droit du public \u00e0 acc\u00e9der \u00e0 des informations v\u00e9ridiques et ind\u00e9pendantes, ce qui est essentiel pour une d\u00e9mocratie saine.<\/p>\n\n\n\n<div style=\"height:50px\" aria-hidden=\"true\" class=\"wp-block-spacer\"><\/div>\n\n\n\n<h2 class=\"wp-block-heading\">Nos r\u00e9cents travaux de plaidoyer<\/h2>\n\n\n\n<hr class=\"wp-block-separator has-alpha-channel-opacity\"\/>\n\n\n    <div class=\"news grid-container grid-3-columns large-gap mt-5\">\n                    <a class=\"d-flex flex-column medium-gap\" href=\"https:\/\/worldpressfreedomcanada.ca\/fr\/liberte-de-la-presse-canada-condamne-larrestation-des-journalistes-americains-georgia-fort-et-don-lemon\/\">\n                                    <img decoding=\"async\" class=\"thumbnail transition hover-dark\" src=\"\/wp-content\/uploads\/2025\/02\/wpfc-placeholder.png\" alt=\"Libert\u00e9 de la presse Canada condamne l&rsquo;arrestation des journalistes am\u00e9ricains Georgia Fort et Don Lemon\">\n                                <span class=\"category\">\n                    D\u00e9claration                <\/span>\n                <h4 class=\"text-tertiary transition hover-primary-text\">Libert\u00e9 de la presse Canada condamne l&rsquo;arrestation des journalistes am\u00e9ricains Georgia Fort et Don Lemon<\/h4>\n                <p class=\"text-small\">f\u00e9vrier 4, 2026<\/p>\n            <\/a>\n                        <a class=\"d-flex flex-column medium-gap\" href=\"https:\/\/worldpressfreedomcanada.ca\/fr\/linteret-public-doit-guider-lapproche-du-canada-en-matiere-dia\/\">\n                                    <img decoding=\"async\" class=\"thumbnail transition hover-dark\" src=\"https:\/\/worldpressfreedomcanada.ca\/wp-content\/uploads\/2025\/10\/getty-images-aTWKwJllPOA-unsplash.jpg\" alt=\"L&rsquo;int\u00e9r\u00eat public doit guider l&rsquo;approche du Canada en mati\u00e8re d&rsquo;IA\">\n                                <span class=\"category\">\n                    Plaidoyer                <\/span>\n                <h4 class=\"text-tertiary transition hover-primary-text\">L&rsquo;int\u00e9r\u00eat public doit guider l&rsquo;approche du Canada en mati\u00e8re d&rsquo;IA<\/h4>\n                <p class=\"text-small\">octobre 30, 2025<\/p>\n            <\/a>\n                        <a class=\"d-flex flex-column medium-gap\" href=\"https:\/\/worldpressfreedomcanada.ca\/fr\/liberte-de-la-presse-canada-condamne-le-meurtre-de-journalistes-a-gaza\/\">\n                                    <img decoding=\"async\" class=\"thumbnail transition hover-dark\" src=\"\/wp-content\/uploads\/2025\/02\/wpfc-placeholder.png\" alt=\"Libert\u00e9 de la presse Canada condamne le meurtre de journalistes \u00e0 Gaza\">\n                                <span class=\"category\">\n                    D\u00e9claration                <\/span>\n                <h4 class=\"text-tertiary transition hover-primary-text\">Libert\u00e9 de la presse Canada condamne le meurtre de journalistes \u00e0 Gaza<\/h4>\n                <p class=\"text-small\">ao\u00fbt 27, 2025<\/p>\n            <\/a>\n                <\/div>\n    \n","protected":false},"excerpt":{"rendered":"<p>Plaidoyer pour la libert\u00e9 de la presse \u00c0 Libert\u00e9 de la presse Canada, nous nous employons \u00e0 plaider en faveur d&rsquo;une meilleure protection des journalistes et des travailleurs des m\u00e9dias, tant dans la l\u00e9gislation que dans la pratique. Nous reconnaissons le r\u00f4le vital que jouent les journalistes dans le maintien de la d\u00e9mocratie, et nous [&hellip;]<\/p>\n","protected":false},"author":1,"featured_media":19316,"parent":0,"menu_order":0,"comment_status":"closed","ping_status":"closed","template":"","meta":{"_acf_changed":false,"_price":"","_stock":"","_tribe_ticket_header":"","_tribe_default_ticket_provider":"","_tribe_ticket_capacity":"0","_ticket_start_date":"","_ticket_end_date":"","_tribe_ticket_show_description":"","_tribe_ticket_show_not_going":false,"_tribe_ticket_use_global_stock":"","_tribe_ticket_global_stock_level":"","_global_stock_mode":"","_global_stock_cap":"","_tribe_rsvp_for_event":"","_tribe_ticket_going_count":"","_tribe_ticket_not_going_count":"","_tribe_tickets_list":"[]","_tribe_ticket_has_attendee_info_fields":false,"footnotes":"","_tec_slr_enabled":"","_tec_slr_layout":""},"class_list":["post-19787","page","type-page","status-publish","has-post-thumbnail","hentry"],"acf":[],"yoast_head":"<!-- This site is optimized with the Yoast SEO plugin v27.5 - https:\/\/yoast.com\/product\/yoast-seo-wordpress\/ -->\n<title>Plaidoyer - World Press Freedom Canada<\/title>\n<meta name=\"robots\" content=\"index, follow, max-snippet:-1, max-image-preview:large, max-video-preview:-1\" \/>\n<link rel=\"canonical\" href=\"https:\/\/worldpressfreedomcanada.ca\/fr\/plaidoyer\/\" \/>\n<meta property=\"og:locale\" content=\"fr_FR\" \/>\n<meta property=\"og:type\" content=\"article\" \/>\n<meta property=\"og:title\" content=\"Plaidoyer - World Press Freedom Canada\" \/>\n<meta property=\"og:description\" content=\"Plaidoyer pour la libert\u00e9 de la presse \u00c0 Libert\u00e9 de la presse Canada, nous nous employons \u00e0 plaider en faveur d&rsquo;une meilleure protection des journalistes et des travailleurs des m\u00e9dias, tant dans la l\u00e9gislation que dans la pratique. Nous reconnaissons le r\u00f4le vital que jouent les journalistes dans le maintien de la d\u00e9mocratie, et nous [&hellip;]\" \/>\n<meta property=\"og:url\" content=\"https:\/\/worldpressfreedomcanada.ca\/fr\/plaidoyer\/\" \/>\n<meta property=\"og:site_name\" content=\"World Press Freedom Canada\" \/>\n<meta property=\"article:modified_time\" content=\"2025-02-22T00:10:58+00:00\" \/>\n<meta property=\"og:image\" content=\"https:\/\/worldpressfreedomcanada.ca\/wp-content\/uploads\/2025\/01\/wpfc-advocacy.jpg\" \/>\n\t<meta property=\"og:image:width\" content=\"1550\" \/>\n\t<meta property=\"og:image:height\" content=\"746\" \/>\n\t<meta property=\"og:image:type\" content=\"image\/jpeg\" \/>\n<meta name=\"twitter:card\" content=\"summary_large_image\" \/>\n<meta name=\"twitter:label1\" content=\"Dur\u00e9e de lecture estim\u00e9e\" \/>\n\t<meta name=\"twitter:data1\" content=\"2 minutes\" \/>\n<script type=\"application\/ld+json\" class=\"yoast-schema-graph\">{\"@context\":\"https:\\\/\\\/schema.org\",\"@graph\":[{\"@type\":\"WebPage\",\"@id\":\"https:\\\/\\\/worldpressfreedomcanada.ca\\\/fr\\\/plaidoyer\\\/\",\"url\":\"https:\\\/\\\/worldpressfreedomcanada.ca\\\/fr\\\/plaidoyer\\\/\",\"name\":\"Plaidoyer - World Press Freedom Canada\",\"isPartOf\":{\"@id\":\"https:\\\/\\\/worldpressfreedomcanada.ca\\\/fr\\\/#website\"},\"primaryImageOfPage\":{\"@id\":\"https:\\\/\\\/worldpressfreedomcanada.ca\\\/fr\\\/plaidoyer\\\/#primaryimage\"},\"image\":{\"@id\":\"https:\\\/\\\/worldpressfreedomcanada.ca\\\/fr\\\/plaidoyer\\\/#primaryimage\"},\"thumbnailUrl\":\"https:\\\/\\\/worldpressfreedomcanada.ca\\\/wp-content\\\/uploads\\\/2025\\\/01\\\/wpfc-advocacy.jpg\",\"datePublished\":\"2025-01-06T20:45:38+00:00\",\"dateModified\":\"2025-02-22T00:10:58+00:00\",\"breadcrumb\":{\"@id\":\"https:\\\/\\\/worldpressfreedomcanada.ca\\\/fr\\\/plaidoyer\\\/#breadcrumb\"},\"inLanguage\":\"fr-FR\",\"potentialAction\":[{\"@type\":\"ReadAction\",\"target\":[\"https:\\\/\\\/worldpressfreedomcanada.ca\\\/fr\\\/plaidoyer\\\/\"]}]},{\"@type\":\"ImageObject\",\"inLanguage\":\"fr-FR\",\"@id\":\"https:\\\/\\\/worldpressfreedomcanada.ca\\\/fr\\\/plaidoyer\\\/#primaryimage\",\"url\":\"https:\\\/\\\/worldpressfreedomcanada.ca\\\/wp-content\\\/uploads\\\/2025\\\/01\\\/wpfc-advocacy.jpg\",\"contentUrl\":\"https:\\\/\\\/worldpressfreedomcanada.ca\\\/wp-content\\\/uploads\\\/2025\\\/01\\\/wpfc-advocacy.jpg\",\"width\":1550,\"height\":746},{\"@type\":\"BreadcrumbList\",\"@id\":\"https:\\\/\\\/worldpressfreedomcanada.ca\\\/fr\\\/plaidoyer\\\/#breadcrumb\",\"itemListElement\":[{\"@type\":\"ListItem\",\"position\":1,\"name\":\"Home\",\"item\":\"https:\\\/\\\/worldpressfreedomcanada.ca\\\/fr\\\/\"},{\"@type\":\"ListItem\",\"position\":2,\"name\":\"Plaidoyer\"}]},{\"@type\":\"WebSite\",\"@id\":\"https:\\\/\\\/worldpressfreedomcanada.ca\\\/fr\\\/#website\",\"url\":\"https:\\\/\\\/worldpressfreedomcanada.ca\\\/fr\\\/\",\"name\":\"World Press Freedom Canada\",\"description\":\"Championing press freedom, defending democracy\",\"potentialAction\":[{\"@type\":\"SearchAction\",\"target\":{\"@type\":\"EntryPoint\",\"urlTemplate\":\"https:\\\/\\\/worldpressfreedomcanada.ca\\\/fr\\\/?s={search_term_string}\"},\"query-input\":{\"@type\":\"PropertyValueSpecification\",\"valueRequired\":true,\"valueName\":\"search_term_string\"}}],\"inLanguage\":\"fr-FR\"}]}<\/script>\n<!-- \/ Yoast SEO plugin. -->","yoast_head_json":{"title":"Plaidoyer - World Press Freedom Canada","robots":{"index":"index","follow":"follow","max-snippet":"max-snippet:-1","max-image-preview":"max-image-preview:large","max-video-preview":"max-video-preview:-1"},"canonical":"https:\/\/worldpressfreedomcanada.ca\/fr\/plaidoyer\/","og_locale":"fr_FR","og_type":"article","og_title":"Plaidoyer - World Press Freedom Canada","og_description":"Plaidoyer pour la libert\u00e9 de la presse \u00c0 Libert\u00e9 de la presse Canada, nous nous employons \u00e0 plaider en faveur d&rsquo;une meilleure protection des journalistes et des travailleurs des m\u00e9dias, tant dans la l\u00e9gislation que dans la pratique. Nous reconnaissons le r\u00f4le vital que jouent les journalistes dans le maintien de la d\u00e9mocratie, et nous [&hellip;]","og_url":"https:\/\/worldpressfreedomcanada.ca\/fr\/plaidoyer\/","og_site_name":"World Press Freedom Canada","article_modified_time":"2025-02-22T00:10:58+00:00","og_image":[{"width":1550,"height":746,"url":"https:\/\/worldpressfreedomcanada.ca\/wp-content\/uploads\/2025\/01\/wpfc-advocacy.jpg","type":"image\/jpeg"}],"twitter_card":"summary_large_image","twitter_misc":{"Dur\u00e9e de lecture estim\u00e9e":"2 minutes"},"schema":{"@context":"https:\/\/schema.org","@graph":[{"@type":"WebPage","@id":"https:\/\/worldpressfreedomcanada.ca\/fr\/plaidoyer\/","url":"https:\/\/worldpressfreedomcanada.ca\/fr\/plaidoyer\/","name":"Plaidoyer - World Press Freedom Canada","isPartOf":{"@id":"https:\/\/worldpressfreedomcanada.ca\/fr\/#website"},"primaryImageOfPage":{"@id":"https:\/\/worldpressfreedomcanada.ca\/fr\/plaidoyer\/#primaryimage"},"image":{"@id":"https:\/\/worldpressfreedomcanada.ca\/fr\/plaidoyer\/#primaryimage"},"thumbnailUrl":"https:\/\/worldpressfreedomcanada.ca\/wp-content\/uploads\/2025\/01\/wpfc-advocacy.jpg","datePublished":"2025-01-06T20:45:38+00:00","dateModified":"2025-02-22T00:10:58+00:00","breadcrumb":{"@id":"https:\/\/worldpressfreedomcanada.ca\/fr\/plaidoyer\/#breadcrumb"},"inLanguage":"fr-FR","potentialAction":[{"@type":"ReadAction","target":["https:\/\/worldpressfreedomcanada.ca\/fr\/plaidoyer\/"]}]},{"@type":"ImageObject","inLanguage":"fr-FR","@id":"https:\/\/worldpressfreedomcanada.ca\/fr\/plaidoyer\/#primaryimage","url":"https:\/\/worldpressfreedomcanada.ca\/wp-content\/uploads\/2025\/01\/wpfc-advocacy.jpg","contentUrl":"https:\/\/worldpressfreedomcanada.ca\/wp-content\/uploads\/2025\/01\/wpfc-advocacy.jpg","width":1550,"height":746},{"@type":"BreadcrumbList","@id":"https:\/\/worldpressfreedomcanada.ca\/fr\/plaidoyer\/#breadcrumb","itemListElement":[{"@type":"ListItem","position":1,"name":"Home","item":"https:\/\/worldpressfreedomcanada.ca\/fr\/"},{"@type":"ListItem","position":2,"name":"Plaidoyer"}]},{"@type":"WebSite","@id":"https:\/\/worldpressfreedomcanada.ca\/fr\/#website","url":"https:\/\/worldpressfreedomcanada.ca\/fr\/","name":"World Press Freedom Canada","description":"Championing press freedom, defending democracy","potentialAction":[{"@type":"SearchAction","target":{"@type":"EntryPoint","urlTemplate":"https:\/\/worldpressfreedomcanada.ca\/fr\/?s={search_term_string}"},"query-input":{"@type":"PropertyValueSpecification","valueRequired":true,"valueName":"search_term_string"}}],"inLanguage":"fr-FR"}]}},"ticketed":false,"_links":{"self":[{"href":"https:\/\/worldpressfreedomcanada.ca\/fr\/wp-json\/wp\/v2\/pages\/19787","targetHints":{"allow":["GET"]}}],"collection":[{"href":"https:\/\/worldpressfreedomcanada.ca\/fr\/wp-json\/wp\/v2\/pages"}],"about":[{"href":"https:\/\/worldpressfreedomcanada.ca\/fr\/wp-json\/wp\/v2\/types\/page"}],"author":[{"embeddable":true,"href":"https:\/\/worldpressfreedomcanada.ca\/fr\/wp-json\/wp\/v2\/users\/1"}],"replies":[{"embeddable":true,"href":"https:\/\/worldpressfreedomcanada.ca\/fr\/wp-json\/wp\/v2\/comments?post=19787"}],"version-history":[{"count":2,"href":"https:\/\/worldpressfreedomcanada.ca\/fr\/wp-json\/wp\/v2\/pages\/19787\/revisions"}],"predecessor-version":[{"id":20105,"href":"https:\/\/worldpressfreedomcanada.ca\/fr\/wp-json\/wp\/v2\/pages\/19787\/revisions\/20105"}],"wp:featuredmedia":[{"embeddable":true,"href":"https:\/\/worldpressfreedomcanada.ca\/fr\/wp-json\/wp\/v2\/media\/19316"}],"wp:attachment":[{"href":"https:\/\/worldpressfreedomcanada.ca\/fr\/wp-json\/wp\/v2\/media?parent=19787"}],"curies":[{"name":"wp","href":"https:\/\/api.w.org\/{rel}","templated":true}]}}