{"id":19789,"date":"2025-01-06T20:45:43","date_gmt":"2025-01-06T20:45:43","guid":{"rendered":"https:\/\/worldpressfreedomcanada.ca\/?page_id=19789"},"modified":"2025-02-05T21:33:55","modified_gmt":"2025-02-05T21:33:55","slug":"evenements","status":"publish","type":"page","link":"https:\/\/worldpressfreedomcanada.ca\/fr\/evenements\/","title":{"rendered":"\u00c9v\u00e9nements"},"content":{"rendered":"\n<h2 class=\"wp-block-heading\">D\u00e9fendre la libert\u00e9 de la presse gr\u00e2ce \u00e0 des \u00e9v\u00e9nements marquants<\/h2>\n\n\n\n<hr class=\"wp-block-separator has-alpha-channel-opacity\"\/>\n\n\n\n<p>Nous pensons que les \u00e9v\u00e9nements sont un moyen puissant de sensibiliser, de susciter des conversations et d&rsquo;inspirer des actions autour de la question cruciale de la libert\u00e9 de la presse. Gr\u00e2ce \u00e0 des \u00e9v\u00e9nements soigneusement planifi\u00e9s, nous r\u00e9unissons des leaders d&rsquo;opinion, des journalistes, des d\u00e9fenseurs, des repr\u00e9sentants du gouvernement et le public pour discuter des d\u00e9fis auxquels la libert\u00e9 de la presse est confront\u00e9e, c\u00e9l\u00e9brer le travail de professionnels des m\u00e9dias courageux et souligner l&rsquo;importance d&rsquo;une presse libre et ind\u00e9pendante dans la sauvegarde de la d\u00e9mocratie.<\/p>\n","protected":false},"excerpt":{"rendered":"<p>D\u00e9fendre la libert\u00e9 de la presse gr\u00e2ce \u00e0 des \u00e9v\u00e9nements marquants Nous pensons que les \u00e9v\u00e9nements sont un moyen puissant de sensibiliser, de susciter des conversations et d&rsquo;inspirer des actions autour de la question cruciale de la libert\u00e9 de la presse. Gr\u00e2ce \u00e0 des \u00e9v\u00e9nements soigneusement planifi\u00e9s, nous r\u00e9unissons des leaders d&rsquo;opinion, des journalistes, des [&hellip;]<\/p>\n","protected":false},"author":1,"featured_media":19317,"parent":0,"menu_order":0,"comment_status":"closed","ping_status":"closed","template":"","meta":{"_acf_changed":false,"_price":"","_stock":"","_tribe_ticket_header":"","_tribe_default_ticket_provider":"","_tribe_ticket_capacity":"0","_ticket_start_date":"","_ticket_end_date":"","_tribe_ticket_show_description":"","_tribe_ticket_show_not_going":false,"_tribe_ticket_use_global_stock":"","_tribe_ticket_global_stock_level":"","_global_stock_mode":"","_global_stock_cap":"","_tribe_rsvp_for_event":"","_tribe_ticket_going_count":"","_tribe_ticket_not_going_count":"","_tribe_tickets_list":"[]","_tribe_ticket_has_attendee_info_fields":false,"footnotes":"","_tec_slr_enabled":"","_tec_slr_layout":""},"class_list":["post-19789","page","type-page","status-publish","has-post-thumbnail","hentry"],"acf":[],"yoast_head":"<!-- This site is optimized with the Yoast SEO plugin v27.5 - https:\/\/yoast.com\/product\/yoast-seo-wordpress\/ -->\n<title>\u00c9v\u00e9nements - World Press Freedom Canada<\/title>\n<meta name=\"robots\" content=\"index, follow, max-snippet:-1, max-image-preview:large, max-video-preview:-1\" \/>\n<link rel=\"canonical\" href=\"https:\/\/worldpressfreedomcanada.ca\/fr\/evenements\/\" \/>\n<meta property=\"og:locale\" content=\"fr_FR\" \/>\n<meta property=\"og:type\" content=\"article\" \/>\n<meta property=\"og:title\" content=\"\u00c9v\u00e9nements - World Press Freedom Canada\" \/>\n<meta property=\"og:description\" content=\"D\u00e9fendre la libert\u00e9 de la presse gr\u00e2ce \u00e0 des \u00e9v\u00e9nements marquants Nous pensons que les \u00e9v\u00e9nements sont un moyen puissant de sensibiliser, de susciter des conversations et d&rsquo;inspirer des actions autour de la question cruciale de la libert\u00e9 de la presse. Gr\u00e2ce \u00e0 des \u00e9v\u00e9nements soigneusement planifi\u00e9s, nous r\u00e9unissons des leaders d&rsquo;opinion, des journalistes, des [&hellip;]\" \/>\n<meta property=\"og:url\" content=\"https:\/\/worldpressfreedomcanada.ca\/fr\/evenements\/\" \/>\n<meta property=\"og:site_name\" content=\"World Press Freedom Canada\" \/>\n<meta property=\"article:modified_time\" content=\"2025-02-05T21:33:55+00:00\" \/>\n<meta property=\"og:image\" content=\"https:\/\/worldpressfreedomcanada.ca\/wp-content\/uploads\/2025\/01\/wpfc-events.jpg\" \/>\n\t<meta property=\"og:image:width\" content=\"1550\" \/>\n\t<meta property=\"og:image:height\" content=\"1101\" \/>\n\t<meta property=\"og:image:type\" content=\"image\/jpeg\" \/>\n<meta name=\"twitter:card\" content=\"summary_large_image\" \/>\n<meta name=\"twitter:label1\" content=\"Dur\u00e9e de lecture estim\u00e9e\" \/>\n\t<meta name=\"twitter:data1\" content=\"1 minute\" \/>\n<script type=\"application\/ld+json\" class=\"yoast-schema-graph\">{\"@context\":\"https:\\\/\\\/schema.org\",\"@graph\":[{\"@type\":\"WebPage\",\"@id\":\"https:\\\/\\\/worldpressfreedomcanada.ca\\\/fr\\\/evenements\\\/\",\"url\":\"https:\\\/\\\/worldpressfreedomcanada.ca\\\/fr\\\/evenements\\\/\",\"name\":\"\u00c9v\u00e9nements - World Press Freedom Canada\",\"isPartOf\":{\"@id\":\"https:\\\/\\\/worldpressfreedomcanada.ca\\\/fr\\\/#website\"},\"primaryImageOfPage\":{\"@id\":\"https:\\\/\\\/worldpressfreedomcanada.ca\\\/fr\\\/evenements\\\/#primaryimage\"},\"image\":{\"@id\":\"https:\\\/\\\/worldpressfreedomcanada.ca\\\/fr\\\/evenements\\\/#primaryimage\"},\"thumbnailUrl\":\"https:\\\/\\\/worldpressfreedomcanada.ca\\\/wp-content\\\/uploads\\\/2025\\\/01\\\/wpfc-events.jpg\",\"datePublished\":\"2025-01-06T20:45:43+00:00\",\"dateModified\":\"2025-02-05T21:33:55+00:00\",\"breadcrumb\":{\"@id\":\"https:\\\/\\\/worldpressfreedomcanada.ca\\\/fr\\\/evenements\\\/#breadcrumb\"},\"inLanguage\":\"fr-FR\",\"potentialAction\":[{\"@type\":\"ReadAction\",\"target\":[\"https:\\\/\\\/worldpressfreedomcanada.ca\\\/fr\\\/evenements\\\/\"]}]},{\"@type\":\"ImageObject\",\"inLanguage\":\"fr-FR\",\"@id\":\"https:\\\/\\\/worldpressfreedomcanada.ca\\\/fr\\\/evenements\\\/#primaryimage\",\"url\":\"https:\\\/\\\/worldpressfreedomcanada.ca\\\/wp-content\\\/uploads\\\/2025\\\/01\\\/wpfc-events.jpg\",\"contentUrl\":\"https:\\\/\\\/worldpressfreedomcanada.ca\\\/wp-content\\\/uploads\\\/2025\\\/01\\\/wpfc-events.jpg\",\"width\":1550,\"height\":1101},{\"@type\":\"BreadcrumbList\",\"@id\":\"https:\\\/\\\/worldpressfreedomcanada.ca\\\/fr\\\/evenements\\\/#breadcrumb\",\"itemListElement\":[{\"@type\":\"ListItem\",\"position\":1,\"name\":\"Home\",\"item\":\"https:\\\/\\\/worldpressfreedomcanada.ca\\\/fr\\\/\"},{\"@type\":\"ListItem\",\"position\":2,\"name\":\"\u00c9v\u00e9nements\"}]},{\"@type\":\"WebSite\",\"@id\":\"https:\\\/\\\/worldpressfreedomcanada.ca\\\/fr\\\/#website\",\"url\":\"https:\\\/\\\/worldpressfreedomcanada.ca\\\/fr\\\/\",\"name\":\"World Press Freedom Canada\",\"description\":\"Championing press freedom, defending democracy\",\"potentialAction\":[{\"@type\":\"SearchAction\",\"target\":{\"@type\":\"EntryPoint\",\"urlTemplate\":\"https:\\\/\\\/worldpressfreedomcanada.ca\\\/fr\\\/?s={search_term_string}\"},\"query-input\":{\"@type\":\"PropertyValueSpecification\",\"valueRequired\":true,\"valueName\":\"search_term_string\"}}],\"inLanguage\":\"fr-FR\"}]}<\/script>\n<!-- \/ Yoast SEO plugin. -->","yoast_head_json":{"title":"\u00c9v\u00e9nements - World Press Freedom Canada","robots":{"index":"index","follow":"follow","max-snippet":"max-snippet:-1","max-image-preview":"max-image-preview:large","max-video-preview":"max-video-preview:-1"},"canonical":"https:\/\/worldpressfreedomcanada.ca\/fr\/evenements\/","og_locale":"fr_FR","og_type":"article","og_title":"\u00c9v\u00e9nements - World Press Freedom Canada","og_description":"D\u00e9fendre la libert\u00e9 de la presse gr\u00e2ce \u00e0 des \u00e9v\u00e9nements marquants Nous pensons que les \u00e9v\u00e9nements sont un moyen puissant de sensibiliser, de susciter des conversations et d&rsquo;inspirer des actions autour de la question cruciale de la libert\u00e9 de la presse. Gr\u00e2ce \u00e0 des \u00e9v\u00e9nements soigneusement planifi\u00e9s, nous r\u00e9unissons des leaders d&rsquo;opinion, des journalistes, des [&hellip;]","og_url":"https:\/\/worldpressfreedomcanada.ca\/fr\/evenements\/","og_site_name":"World Press Freedom Canada","article_modified_time":"2025-02-05T21:33:55+00:00","og_image":[{"width":1550,"height":1101,"url":"https:\/\/worldpressfreedomcanada.ca\/wp-content\/uploads\/2025\/01\/wpfc-events.jpg","type":"image\/jpeg"}],"twitter_card":"summary_large_image","twitter_misc":{"Dur\u00e9e de lecture estim\u00e9e":"1 minute"},"schema":{"@context":"https:\/\/schema.org","@graph":[{"@type":"WebPage","@id":"https:\/\/worldpressfreedomcanada.ca\/fr\/evenements\/","url":"https:\/\/worldpressfreedomcanada.ca\/fr\/evenements\/","name":"\u00c9v\u00e9nements - World Press Freedom Canada","isPartOf":{"@id":"https:\/\/worldpressfreedomcanada.ca\/fr\/#website"},"primaryImageOfPage":{"@id":"https:\/\/worldpressfreedomcanada.ca\/fr\/evenements\/#primaryimage"},"image":{"@id":"https:\/\/worldpressfreedomcanada.ca\/fr\/evenements\/#primaryimage"},"thumbnailUrl":"https:\/\/worldpressfreedomcanada.ca\/wp-content\/uploads\/2025\/01\/wpfc-events.jpg","datePublished":"2025-01-06T20:45:43+00:00","dateModified":"2025-02-05T21:33:55+00:00","breadcrumb":{"@id":"https:\/\/worldpressfreedomcanada.ca\/fr\/evenements\/#breadcrumb"},"inLanguage":"fr-FR","potentialAction":[{"@type":"ReadAction","target":["https:\/\/worldpressfreedomcanada.ca\/fr\/evenements\/"]}]},{"@type":"ImageObject","inLanguage":"fr-FR","@id":"https:\/\/worldpressfreedomcanada.ca\/fr\/evenements\/#primaryimage","url":"https:\/\/worldpressfreedomcanada.ca\/wp-content\/uploads\/2025\/01\/wpfc-events.jpg","contentUrl":"https:\/\/worldpressfreedomcanada.ca\/wp-content\/uploads\/2025\/01\/wpfc-events.jpg","width":1550,"height":1101},{"@type":"BreadcrumbList","@id":"https:\/\/worldpressfreedomcanada.ca\/fr\/evenements\/#breadcrumb","itemListElement":[{"@type":"ListItem","position":1,"name":"Home","item":"https:\/\/worldpressfreedomcanada.ca\/fr\/"},{"@type":"ListItem","position":2,"name":"\u00c9v\u00e9nements"}]},{"@type":"WebSite","@id":"https:\/\/worldpressfreedomcanada.ca\/fr\/#website","url":"https:\/\/worldpressfreedomcanada.ca\/fr\/","name":"World Press Freedom Canada","description":"Championing press freedom, defending democracy","potentialAction":[{"@type":"SearchAction","target":{"@type":"EntryPoint","urlTemplate":"https:\/\/worldpressfreedomcanada.ca\/fr\/?s={search_term_string}"},"query-input":{"@type":"PropertyValueSpecification","valueRequired":true,"valueName":"search_term_string"}}],"inLanguage":"fr-FR"}]}},"ticketed":false,"_links":{"self":[{"href":"https:\/\/worldpressfreedomcanada.ca\/fr\/wp-json\/wp\/v2\/pages\/19789","targetHints":{"allow":["GET"]}}],"collection":[{"href":"https:\/\/worldpressfreedomcanada.ca\/fr\/wp-json\/wp\/v2\/pages"}],"about":[{"href":"https:\/\/worldpressfreedomcanada.ca\/fr\/wp-json\/wp\/v2\/types\/page"}],"author":[{"embeddable":true,"href":"https:\/\/worldpressfreedomcanada.ca\/fr\/wp-json\/wp\/v2\/users\/1"}],"replies":[{"embeddable":true,"href":"https:\/\/worldpressfreedomcanada.ca\/fr\/wp-json\/wp\/v2\/comments?post=19789"}],"version-history":[{"count":1,"href":"https:\/\/worldpressfreedomcanada.ca\/fr\/wp-json\/wp\/v2\/pages\/19789\/revisions"}],"predecessor-version":[{"id":19790,"href":"https:\/\/worldpressfreedomcanada.ca\/fr\/wp-json\/wp\/v2\/pages\/19789\/revisions\/19790"}],"wp:featuredmedia":[{"embeddable":true,"href":"https:\/\/worldpressfreedomcanada.ca\/fr\/wp-json\/wp\/v2\/media\/19317"}],"wp:attachment":[{"href":"https:\/\/worldpressfreedomcanada.ca\/fr\/wp-json\/wp\/v2\/media?parent=19789"}],"curies":[{"name":"wp","href":"https:\/\/api.w.org\/{rel}","templated":true}]}}