{"id":19791,"date":"2025-01-06T20:45:49","date_gmt":"2025-01-06T20:45:49","guid":{"rendered":"https:\/\/worldpressfreedomcanada.ca\/?page_id=19791"},"modified":"2026-03-01T18:13:51","modified_gmt":"2026-03-01T18:13:51","slug":"prix","status":"publish","type":"page","link":"https:\/\/worldpressfreedomcanada.ca\/fr\/prix\/","title":{"rendered":"Prix"},"content":{"rendered":"\n<h2 class=\"wp-block-heading\"><strong>C\u00e9l\u00e9brer le r\u00f4le essentiel des journalistes<\/strong><\/h2>\n\n\n\n<hr class=\"wp-block-separator has-alpha-channel-opacity\"\/>\n\n\n\n<p>Chaque ann\u00e9e, Libert\u00e9 de la presse Canada rend hommage aux personnes qui apportent une contribution exceptionnelle \u00e0 la libert\u00e9 de la presse au Canada lors d\u2019un d\u00eener annuel organis\u00e9 pour comm\u00e9morer la Journ\u00e9e mondiale de la libert\u00e9 de la presse.<\/p>\n\n\n\n<div style=\"height:50px\" aria-hidden=\"true\" class=\"wp-block-spacer\"><\/div>\n\n\n\n<div class=\"wp-block-group p-5 bg-secondary-light\"><div class=\"wp-block-group__inner-container is-layout-constrained wp-block-group-is-layout-constrained\">\n<h3 class=\"wp-block-heading text-tertiary\">Prix de la libert\u00e9 de la presse<\/h3>\n\n\n\n<p>Les prix annuels de la libert\u00e9 de la presse r\u00e9compensent des personnes dont les reportages d&rsquo;int\u00e9r\u00eat public ont surmont\u00e9 des difficult\u00e9s importantes, telles que le secret gouvernemental, les pressions juridiques, l&rsquo;intimidation politique, les menaces de violence, le harc\u00e8lement ou d&rsquo;autres tactiques visant \u00e0 \u00e9touffer leur travail ou \u00e0 mettre en p\u00e9ril leur s\u00e9curit\u00e9 et leur carri\u00e8re.<\/p>\n\n\n\n<p>es candidats doivent faire preuve d&rsquo;une r\u00e9silience exceptionnelle dans la poursuite d&rsquo;histoires qui servent l&rsquo;int\u00e9r\u00eat public malgr\u00e9 ces obstacles. Les prix rendent hommage \u00e0 ceux qui ont fait preuve de courage en continuant \u00e0 promouvoir la libert\u00e9 de la presse, la transparence et le droit de rendre compte des questions importantes, m\u00eame face \u00e0 l&rsquo;adversit\u00e9. Ces personnes ont un impact durable sur le discours public en veillant \u00e0 ce que les histoires essentielles soient racont\u00e9es, quels que soient les d\u00e9fis auxquels elles sont confront\u00e9es.<\/p>\n\n\n\n<p>Libert\u00e9 de la presse Canada d\u00e9cerne deux prix de la libert\u00e9 de la presse, l&rsquo;un pour les grandes publications et le prix de la <strong>libert\u00e9 de la presse, journalisme local<\/strong>, pour un journaliste qui travaille pour un organisme d&rsquo;information de petite taille.<\/p>\n<\/div><\/div>\n\n\n\n<div style=\"height:25px\" aria-hidden=\"true\" class=\"wp-block-spacer\"><\/div>\n\n\n\n<div class=\"wp-block-columns block-with-img is-layout-flex wp-container-core-columns-is-layout-9d6595d7 wp-block-columns-is-layout-flex\">\n<div class=\"wp-block-column is-layout-flow wp-block-column-is-layout-flow\" style=\"flex-basis:33.33%\">\n<figure class=\"wp-block-image size-full\"><img loading=\"lazy\" decoding=\"async\" width=\"318\" height=\"396\" src=\"https:\/\/worldpressfreedomcanada.ca\/wp-content\/uploads\/2025\/02\/Spencer-Moore-photo-by-Tim-Kane.jpg\" alt=\"\" class=\"wp-image-19922\" srcset=\"https:\/\/worldpressfreedomcanada.ca\/wp-content\/uploads\/2025\/02\/Spencer-Moore-photo-by-Tim-Kane.jpg 318w, https:\/\/worldpressfreedomcanada.ca\/wp-content\/uploads\/2025\/02\/Spencer-Moore-photo-by-Tim-Kane-241x300.jpg 241w\" sizes=\"auto, (max-width: 318px) 100vw, 318px\" \/><figcaption class=\"wp-element-caption\">Courtoisie de Tim Kane<\/figcaption><\/figure>\n<\/div>\n\n\n\n<div class=\"wp-block-column p-5 bg-secondary-light is-layout-flow wp-block-column-is-layout-flow\" style=\"flex-basis:66.66%\">\n<h3 class=\"wp-block-heading text-tertiary\">Prix pour l&rsquo;ensemble de la carri\u00e8re en l&rsquo;honneur de Spencer Moore<\/h3>\n\n\n\n<p>Ce prix r\u00e9compense les personnes qui ont fait preuve d&rsquo;un d\u00e9vouement extraordinaire \u00e0 la libert\u00e9 de la presse et \u00e0 la transparence tout au long de leur carri\u00e8re. Nomm\u00e9 en m\u00e9moire de Spencer Moore, membre fondateur du Comit\u00e9 canadien pour la libert\u00e9 de la presse mondiale, ce prix r\u00e9compense les personnes dont les efforts constants refl\u00e8tent son h\u00e9ritage de d\u00e9fenseur de la libert\u00e9 de la presse.<\/p>\n\n\n\n<p>Le candidat doit avoir fait preuve d&rsquo;un d\u00e9vouement in\u00e9branlable \u00e0 la d\u00e9fense et au maintien de la libert\u00e9 de la presse, m\u00eame face \u00e0 des d\u00e9fis ou des menaces importants tout au long de sa carri\u00e8re, et avoir prouv\u00e9 qu&rsquo;il avait surmont\u00e9 les obstacles \u00e0 la libert\u00e9 de la presse dans sa qu\u00eate de v\u00e9rit\u00e9 et de transparence \u00e0 travers son travail. Le travail du candidat doit avoir eu un impact significatif et durable sur le journalisme, la d\u00e9fense des m\u00e9dias ou les initiatives en faveur de la libert\u00e9 de la presse, et avoir renforc\u00e9 le droit du public \u00e0 savoir.<\/p>\n<\/div>\n<\/div>\n\n\n\n<div style=\"height:25px\" aria-hidden=\"true\" class=\"wp-block-spacer\"><\/div>\n\n\n\n<div class=\"wp-block-columns is-layout-flex wp-container-core-columns-is-layout-9d6595d7 wp-block-columns-is-layout-flex\">\n<div class=\"wp-block-column p-5 bg-secondary-light is-layout-flow wp-block-column-is-layout-flow\">\n<h3 class=\"wp-block-heading text-tertiary\">Prix de la r\u00e9ussite scolaire<\/h3>\n\n\n\n<p>Ce prix r\u00e9compense un \u00e9tudiant journaliste exceptionnel qui a fait preuve d&rsquo;un engagement en faveur de la libert\u00e9 de la presse. Les candidats doivent \u00eatre des \u00e9tudiants inscrits dans un \u00e9tablissement d&rsquo;enseignement postsecondaire canadien, dont le travail t\u00e9moigne de la d\u00e9termination \u00e0 publier un article malgr\u00e9 les difficult\u00e9s ou les obstacles qui les emp\u00eachent de rendre compte librement des questions qui int\u00e9ressent leur communaut\u00e9 scolaire. Les travaux doivent avoir \u00e9t\u00e9 publi\u00e9s ou diffus\u00e9s soit par des m\u00e9dias \u00e9tudiants, soit par des m\u00e9dias grand public en ligne ou radiodiffus\u00e9s. Les travaux non publi\u00e9s r\u00e9alis\u00e9s dans le cadre d&rsquo;un travail en classe ne seront pas accept\u00e9s.<\/p>\n<\/div>\n\n\n\n<div class=\"wp-block-column p-5 bg-secondary-light is-layout-flow wp-block-column-is-layout-flow\">\n<h3 class=\"wp-block-heading text-tertiary\"><strong>Prix international du concours de caricature \u00e9ditoriale<\/strong><\/h3>\n\n\n\n<p>Un point fort important du D\u00eener de la libert\u00e9 de la presse est la reconnaissance des caricaturistes du monde entier qui utilisent des images et des mots pour pr\u00e9senter un commentaire puissant des questions mondiales. Le Concours international de dessin \u00e9ditorial re\u00e7oit des centaines de soumissions chaque ann\u00e9e, souvent de pays o\u00f9 la libert\u00e9 de la presse n\u2019est pas une r\u00e9alit\u00e9, mais un r\u00eave lointain.<\/p>\n\n\n\n<p><a href=\"https:\/\/worldpressfreedomcanada.ca\/fr\/prix\/dessin-editorial\/\">En savoir plus sur ce concours \u00bb<\/a><\/p>\n<\/div>\n<\/div>\n\n\n\n<div style=\"height:25px\" aria-hidden=\"true\" class=\"wp-block-spacer\"><\/div>\n\n\n\n<h2 class=\"wp-block-heading has-text-align-left block-header-cta\"><strong>Les candidatures pour les Prix de la libert\u00e9 de la presse 2026 sont maintenant ferm\u00e9<\/strong><\/h2>\n\n\n\n<div style=\"height:16px\" aria-hidden=\"true\" class=\"wp-block-spacer\"><\/div>\n\n\n\n<div style=\"height:50px\" aria-hidden=\"true\" class=\"wp-block-spacer\"><\/div>\n\n\n\n<div class=\"wp-block-cover has-parallax\" style=\"min-height:30rem;aspect-ratio:unset;\"><div class=\"wp-block-cover__image-background wp-image-19611 has-parallax\" style=\"background-position:50% 50%;background-image:url(\/wp-content\/uploads\/2025\/01\/IMG_4103-copy-scaled-1.jpg)\"><\/div><span aria-hidden=\"true\" class=\"wp-block-cover__background has-black-background-color has-background-dim-20 has-background-dim\"><\/span><div class=\"wp-block-cover__inner-container is-layout-constrained wp-block-cover-is-layout-constrained\">\n<div class=\"wp-block-buttons medium-gap is-horizontal is-content-justification-center is-layout-flex wp-container-core-buttons-is-layout-1891d752 wp-block-buttons-is-layout-flex\">\n<div class=\"wp-block-button btn btn-primary\"><a class=\"wp-block-button__link wp-element-button\" href=\"https:\/\/worldpressfreedomcanada.ca\/fr\/prix-liberte-presse\/2025\/\">Voir les laur\u00e9ats 2025 \u00bb<\/a><\/div>\n\n\n\n<div class=\"wp-block-button btn btn-primary\"><a class=\"wp-block-button__link wp-element-button\" href=\"https:\/\/worldpressfreedomcanada.ca\/fr\/prix\/laureats-precedents-du-prix\/\">Voir tous les laur\u00e9ats pr\u00e9c\u00e9dents \u00bb<\/a><\/div>\n<\/div>\n<\/div><\/div>\n\n\n\n<div style=\"height:50px\" aria-hidden=\"true\" class=\"wp-block-spacer\"><\/div>\n\n\n\n<h2 class=\"wp-block-heading\">Les prix<\/h2>\n\n\n\n<hr class=\"wp-block-separator has-alpha-channel-opacity\"\/>\n\n\n\n<p><strong>Le laur\u00e9at du Prix de la libert\u00e9 de la presse recevra 2 500 dollars et un certificat de la Commission canadienne pour l&rsquo;UNESCO. Le laur\u00e9at du Prix du journalisme local recevra 2 500 dollars. Le laur\u00e9at du Prix de la r\u00e9ussite professionnelle re\u00e7oit 2 500 dollars. Le laur\u00e9at du Prix de la r\u00e9ussite \u00e9tudiante recevra 1 000 dollars.<\/strong><\/p>\n\n\n\n<p>Libert\u00e9 de la presse Canada a l&rsquo;honneur de r\u00e9compenser les journalistes qui affrontent continuellement le secret, d\u00e9fient l&rsquo;intimidation et surmontent des obstacles dangereux dans leur qu\u00eate de la v\u00e9rit\u00e9. Sans eux, les histoires qui r\u00e9v\u00e8lent les faits et d\u00e9voilent les preuves qui fa\u00e7onnent notre r\u00e9alit\u00e9 collective pourraient ne pas \u00eatre racont\u00e9es.<\/p>\n\n\n\n<p>Les laur\u00e9ats sont annonc\u00e9s lors du d\u00eener annuel de remise des prix de la libert\u00e9 de la presse, qui se tient au Centre national des Arts pour comm\u00e9morer la Journ\u00e9e mondiale de la libert\u00e9 de la presse.<\/p>\n","protected":false},"excerpt":{"rendered":"<p>C\u00e9l\u00e9brer le r\u00f4le essentiel des journalistes Chaque ann\u00e9e, Libert\u00e9 de la presse Canada rend hommage aux personnes qui apportent une contribution exceptionnelle \u00e0 la libert\u00e9 de la presse au Canada lors d\u2019un d\u00eener annuel organis\u00e9 pour comm\u00e9morer la Journ\u00e9e mondiale de la libert\u00e9 de la presse. Prix de la libert\u00e9 de la presse Les prix [&hellip;]<\/p>\n","protected":false},"author":1,"featured_media":19345,"parent":0,"menu_order":0,"comment_status":"closed","ping_status":"closed","template":"","meta":{"_acf_changed":false,"_price":"","_stock":"","_tribe_ticket_header":"","_tribe_default_ticket_provider":"","_tribe_ticket_capacity":"0","_ticket_start_date":"","_ticket_end_date":"","_tribe_ticket_show_description":"","_tribe_ticket_show_not_going":false,"_tribe_ticket_use_global_stock":"","_tribe_ticket_global_stock_level":"","_global_stock_mode":"","_global_stock_cap":"","_tribe_rsvp_for_event":"","_tribe_ticket_going_count":"","_tribe_ticket_not_going_count":"","_tribe_tickets_list":"[]","_tribe_ticket_has_attendee_info_fields":false,"footnotes":"","_tec_slr_enabled":"","_tec_slr_layout":""},"class_list":["post-19791","page","type-page","status-publish","has-post-thumbnail","hentry"],"acf":[],"yoast_head":"<!-- This site is optimized with the Yoast SEO plugin v27.4 - https:\/\/yoast.com\/product\/yoast-seo-wordpress\/ -->\n<title>Prix - World Press Freedom Canada<\/title>\n<meta name=\"robots\" content=\"index, follow, max-snippet:-1, max-image-preview:large, max-video-preview:-1\" \/>\n<link rel=\"canonical\" href=\"https:\/\/worldpressfreedomcanada.ca\/fr\/prix\/\" \/>\n<meta property=\"og:locale\" content=\"fr_FR\" \/>\n<meta property=\"og:type\" content=\"article\" \/>\n<meta property=\"og:title\" content=\"Prix - World Press Freedom Canada\" \/>\n<meta property=\"og:description\" content=\"C\u00e9l\u00e9brer le r\u00f4le essentiel des journalistes Chaque ann\u00e9e, Libert\u00e9 de la presse Canada rend hommage aux personnes qui apportent une contribution exceptionnelle \u00e0 la libert\u00e9 de la presse au Canada lors d\u2019un d\u00eener annuel organis\u00e9 pour comm\u00e9morer la Journ\u00e9e mondiale de la libert\u00e9 de la presse. Prix de la libert\u00e9 de la presse Les prix [&hellip;]\" \/>\n<meta property=\"og:url\" content=\"https:\/\/worldpressfreedomcanada.ca\/fr\/prix\/\" \/>\n<meta property=\"og:site_name\" content=\"World Press Freedom Canada\" \/>\n<meta property=\"article:modified_time\" content=\"2026-03-01T18:13:51+00:00\" \/>\n<meta property=\"og:image\" content=\"https:\/\/worldpressfreedomcanada.ca\/wp-content\/uploads\/2025\/01\/WPFC_Awards_Banner.png\" \/>\n\t<meta property=\"og:image:width\" content=\"1440\" \/>\n\t<meta property=\"og:image:height\" content=\"502\" \/>\n\t<meta property=\"og:image:type\" content=\"image\/png\" \/>\n<meta name=\"twitter:card\" content=\"summary_large_image\" \/>\n<meta name=\"twitter:label1\" content=\"Dur\u00e9e de lecture estim\u00e9e\" \/>\n\t<meta name=\"twitter:data1\" content=\"4 minutes\" \/>\n<script type=\"application\/ld+json\" class=\"yoast-schema-graph\">{\"@context\":\"https:\\\/\\\/schema.org\",\"@graph\":[{\"@type\":\"WebPage\",\"@id\":\"https:\\\/\\\/worldpressfreedomcanada.ca\\\/fr\\\/prix\\\/\",\"url\":\"https:\\\/\\\/worldpressfreedomcanada.ca\\\/fr\\\/prix\\\/\",\"name\":\"Prix - World Press Freedom Canada\",\"isPartOf\":{\"@id\":\"https:\\\/\\\/worldpressfreedomcanada.ca\\\/fr\\\/#website\"},\"primaryImageOfPage\":{\"@id\":\"https:\\\/\\\/worldpressfreedomcanada.ca\\\/fr\\\/prix\\\/#primaryimage\"},\"image\":{\"@id\":\"https:\\\/\\\/worldpressfreedomcanada.ca\\\/fr\\\/prix\\\/#primaryimage\"},\"thumbnailUrl\":\"https:\\\/\\\/worldpressfreedomcanada.ca\\\/wp-content\\\/uploads\\\/2025\\\/01\\\/WPFC_Awards_Banner.png\",\"datePublished\":\"2025-01-06T20:45:49+00:00\",\"dateModified\":\"2026-03-01T18:13:51+00:00\",\"breadcrumb\":{\"@id\":\"https:\\\/\\\/worldpressfreedomcanada.ca\\\/fr\\\/prix\\\/#breadcrumb\"},\"inLanguage\":\"fr-FR\",\"potentialAction\":[{\"@type\":\"ReadAction\",\"target\":[\"https:\\\/\\\/worldpressfreedomcanada.ca\\\/fr\\\/prix\\\/\"]}]},{\"@type\":\"ImageObject\",\"inLanguage\":\"fr-FR\",\"@id\":\"https:\\\/\\\/worldpressfreedomcanada.ca\\\/fr\\\/prix\\\/#primaryimage\",\"url\":\"https:\\\/\\\/worldpressfreedomcanada.ca\\\/wp-content\\\/uploads\\\/2025\\\/01\\\/WPFC_Awards_Banner.png\",\"contentUrl\":\"https:\\\/\\\/worldpressfreedomcanada.ca\\\/wp-content\\\/uploads\\\/2025\\\/01\\\/WPFC_Awards_Banner.png\",\"width\":1440,\"height\":502},{\"@type\":\"BreadcrumbList\",\"@id\":\"https:\\\/\\\/worldpressfreedomcanada.ca\\\/fr\\\/prix\\\/#breadcrumb\",\"itemListElement\":[{\"@type\":\"ListItem\",\"position\":1,\"name\":\"Home\",\"item\":\"https:\\\/\\\/worldpressfreedomcanada.ca\\\/fr\\\/\"},{\"@type\":\"ListItem\",\"position\":2,\"name\":\"Prix\"}]},{\"@type\":\"WebSite\",\"@id\":\"https:\\\/\\\/worldpressfreedomcanada.ca\\\/fr\\\/#website\",\"url\":\"https:\\\/\\\/worldpressfreedomcanada.ca\\\/fr\\\/\",\"name\":\"World Press Freedom Canada\",\"description\":\"Championing press freedom, defending democracy\",\"potentialAction\":[{\"@type\":\"SearchAction\",\"target\":{\"@type\":\"EntryPoint\",\"urlTemplate\":\"https:\\\/\\\/worldpressfreedomcanada.ca\\\/fr\\\/?s={search_term_string}\"},\"query-input\":{\"@type\":\"PropertyValueSpecification\",\"valueRequired\":true,\"valueName\":\"search_term_string\"}}],\"inLanguage\":\"fr-FR\"}]}<\/script>\n<!-- \/ Yoast SEO plugin. -->","yoast_head_json":{"title":"Prix - World Press Freedom Canada","robots":{"index":"index","follow":"follow","max-snippet":"max-snippet:-1","max-image-preview":"max-image-preview:large","max-video-preview":"max-video-preview:-1"},"canonical":"https:\/\/worldpressfreedomcanada.ca\/fr\/prix\/","og_locale":"fr_FR","og_type":"article","og_title":"Prix - World Press Freedom Canada","og_description":"C\u00e9l\u00e9brer le r\u00f4le essentiel des journalistes Chaque ann\u00e9e, Libert\u00e9 de la presse Canada rend hommage aux personnes qui apportent une contribution exceptionnelle \u00e0 la libert\u00e9 de la presse au Canada lors d\u2019un d\u00eener annuel organis\u00e9 pour comm\u00e9morer la Journ\u00e9e mondiale de la libert\u00e9 de la presse. Prix de la libert\u00e9 de la presse Les prix [&hellip;]","og_url":"https:\/\/worldpressfreedomcanada.ca\/fr\/prix\/","og_site_name":"World Press Freedom Canada","article_modified_time":"2026-03-01T18:13:51+00:00","og_image":[{"width":1440,"height":502,"url":"https:\/\/worldpressfreedomcanada.ca\/wp-content\/uploads\/2025\/01\/WPFC_Awards_Banner.png","type":"image\/png"}],"twitter_card":"summary_large_image","twitter_misc":{"Dur\u00e9e de lecture estim\u00e9e":"4 minutes"},"schema":{"@context":"https:\/\/schema.org","@graph":[{"@type":"WebPage","@id":"https:\/\/worldpressfreedomcanada.ca\/fr\/prix\/","url":"https:\/\/worldpressfreedomcanada.ca\/fr\/prix\/","name":"Prix - World Press Freedom Canada","isPartOf":{"@id":"https:\/\/worldpressfreedomcanada.ca\/fr\/#website"},"primaryImageOfPage":{"@id":"https:\/\/worldpressfreedomcanada.ca\/fr\/prix\/#primaryimage"},"image":{"@id":"https:\/\/worldpressfreedomcanada.ca\/fr\/prix\/#primaryimage"},"thumbnailUrl":"https:\/\/worldpressfreedomcanada.ca\/wp-content\/uploads\/2025\/01\/WPFC_Awards_Banner.png","datePublished":"2025-01-06T20:45:49+00:00","dateModified":"2026-03-01T18:13:51+00:00","breadcrumb":{"@id":"https:\/\/worldpressfreedomcanada.ca\/fr\/prix\/#breadcrumb"},"inLanguage":"fr-FR","potentialAction":[{"@type":"ReadAction","target":["https:\/\/worldpressfreedomcanada.ca\/fr\/prix\/"]}]},{"@type":"ImageObject","inLanguage":"fr-FR","@id":"https:\/\/worldpressfreedomcanada.ca\/fr\/prix\/#primaryimage","url":"https:\/\/worldpressfreedomcanada.ca\/wp-content\/uploads\/2025\/01\/WPFC_Awards_Banner.png","contentUrl":"https:\/\/worldpressfreedomcanada.ca\/wp-content\/uploads\/2025\/01\/WPFC_Awards_Banner.png","width":1440,"height":502},{"@type":"BreadcrumbList","@id":"https:\/\/worldpressfreedomcanada.ca\/fr\/prix\/#breadcrumb","itemListElement":[{"@type":"ListItem","position":1,"name":"Home","item":"https:\/\/worldpressfreedomcanada.ca\/fr\/"},{"@type":"ListItem","position":2,"name":"Prix"}]},{"@type":"WebSite","@id":"https:\/\/worldpressfreedomcanada.ca\/fr\/#website","url":"https:\/\/worldpressfreedomcanada.ca\/fr\/","name":"World Press Freedom Canada","description":"Championing press freedom, defending democracy","potentialAction":[{"@type":"SearchAction","target":{"@type":"EntryPoint","urlTemplate":"https:\/\/worldpressfreedomcanada.ca\/fr\/?s={search_term_string}"},"query-input":{"@type":"PropertyValueSpecification","valueRequired":true,"valueName":"search_term_string"}}],"inLanguage":"fr-FR"}]}},"ticketed":false,"_links":{"self":[{"href":"https:\/\/worldpressfreedomcanada.ca\/fr\/wp-json\/wp\/v2\/pages\/19791","targetHints":{"allow":["GET"]}}],"collection":[{"href":"https:\/\/worldpressfreedomcanada.ca\/fr\/wp-json\/wp\/v2\/pages"}],"about":[{"href":"https:\/\/worldpressfreedomcanada.ca\/fr\/wp-json\/wp\/v2\/types\/page"}],"author":[{"embeddable":true,"href":"https:\/\/worldpressfreedomcanada.ca\/fr\/wp-json\/wp\/v2\/users\/1"}],"replies":[{"embeddable":true,"href":"https:\/\/worldpressfreedomcanada.ca\/fr\/wp-json\/wp\/v2\/comments?post=19791"}],"version-history":[{"count":15,"href":"https:\/\/worldpressfreedomcanada.ca\/fr\/wp-json\/wp\/v2\/pages\/19791\/revisions"}],"predecessor-version":[{"id":21396,"href":"https:\/\/worldpressfreedomcanada.ca\/fr\/wp-json\/wp\/v2\/pages\/19791\/revisions\/21396"}],"wp:featuredmedia":[{"embeddable":true,"href":"https:\/\/worldpressfreedomcanada.ca\/fr\/wp-json\/wp\/v2\/media\/19345"}],"wp:attachment":[{"href":"https:\/\/worldpressfreedomcanada.ca\/fr\/wp-json\/wp\/v2\/media?parent=19791"}],"curies":[{"name":"wp","href":"https:\/\/api.w.org\/{rel}","templated":true}]}}