{"id":19806,"date":"2025-02-05T21:56:19","date_gmt":"2025-02-05T21:56:19","guid":{"rendered":"https:\/\/worldpressfreedomcanada.ca\/dispatch\/"},"modified":"2025-02-18T20:44:43","modified_gmt":"2025-02-18T20:44:43","slug":"ladepeche","status":"publish","type":"page","link":"https:\/\/worldpressfreedomcanada.ca\/fr\/ladepeche\/","title":{"rendered":"La D\u00e9p\u00eache"},"content":{"rendered":"\n<h2 class=\"wp-block-heading\">Notre lettre d&rsquo;information <strong>bimestrielle<\/strong><\/h2>\n\n\n\n<hr class=\"wp-block-separator has-alpha-channel-opacity\"\/>\n\n\n\n<div class=\"wp-block-columns xx-large-gap is-layout-flex wp-container-core-columns-is-layout-9d6595d7 wp-block-columns-is-layout-flex\">\n<div class=\"wp-block-column is-layout-flow wp-block-column-is-layout-flow\" style=\"flex-basis:66.66%\">\n<p>La D\u00e9p\u00eache est notre lettre d&rsquo;information bimestrielle, qui fournit des informations cl\u00e9s sur les questions de libert\u00e9 de la presse au Canada et \u00e0 l&rsquo;\u00e9tranger. Elle vous informe sur les d\u00e9fis auxquels sont confront\u00e9s les journalistes, met en lumi\u00e8re nos efforts de plaidoyer et souligne l&rsquo;importance d&rsquo;une presse libre pour soutenir la d\u00e9mocratie.<\/p>\n\n\n\n<p class=\"has-small-font-size\">Dans le paysage m\u00e9diatique actuel, qui \u00e9volue rapidement, il est essentiel de rester inform\u00e9. Abonnez-vous \u00e0 La D\u00e9p\u00eache pour obtenir des analyses, des rapports sur les violations de la libert\u00e9 de la presse et des mises \u00e0 jour sur nos \u00e9v\u00e9nements et nos campagnes. En rejoignant notre communaut\u00e9, vous serez en mesure d&rsquo;agir pour promouvoir et d\u00e9fendre la libert\u00e9 de la presse.<\/p>\n<\/div>\n\n\n\n<div class=\"wp-block-column is-layout-flow wp-block-column-is-layout-flow\" style=\"flex-basis:33.33%\">\n<p><strong>Veuillez envoyer un courriel \u00e0 <a href=\"mailto:info@worldpressfreedomcanada.ca\">info@worldpressfreedomcanada.ca<\/a> pour toute proposition \u00e9ditoriale ou demande de renseignements.<\/strong><\/p>\n<\/div>\n<\/div>\n","protected":false},"excerpt":{"rendered":"<p>Notre lettre d&rsquo;information bimestrielle La D\u00e9p\u00eache est notre lettre d&rsquo;information bimestrielle, qui fournit des informations cl\u00e9s sur les questions de libert\u00e9 de la presse au Canada et \u00e0 l&rsquo;\u00e9tranger. Elle vous informe sur les d\u00e9fis auxquels sont confront\u00e9s les journalistes, met en lumi\u00e8re nos efforts de plaidoyer et souligne l&rsquo;importance d&rsquo;une presse libre pour soutenir [&hellip;]<\/p>\n","protected":false},"author":1,"featured_media":19911,"parent":0,"menu_order":0,"comment_status":"closed","ping_status":"closed","template":"","meta":{"_acf_changed":false,"_price":"","_stock":"","_tribe_ticket_header":"","_tribe_default_ticket_provider":"","_tribe_ticket_capacity":"0","_ticket_start_date":"","_ticket_end_date":"","_tribe_ticket_show_description":"","_tribe_ticket_show_not_going":false,"_tribe_ticket_use_global_stock":"","_tribe_ticket_global_stock_level":"","_global_stock_mode":"","_global_stock_cap":"","_tribe_rsvp_for_event":"","_tribe_ticket_going_count":"","_tribe_ticket_not_going_count":"","_tribe_tickets_list":"[]","_tribe_ticket_has_attendee_info_fields":false,"footnotes":"","_tec_slr_enabled":"","_tec_slr_layout":""},"class_list":["post-19806","page","type-page","status-publish","has-post-thumbnail","hentry"],"acf":[],"yoast_head":"<!-- This site is optimized with the Yoast SEO plugin v27.5 - https:\/\/yoast.com\/product\/yoast-seo-wordpress\/ -->\n<title>La D\u00e9p\u00eache - World Press Freedom Canada<\/title>\n<meta name=\"robots\" content=\"index, follow, max-snippet:-1, max-image-preview:large, max-video-preview:-1\" \/>\n<link rel=\"canonical\" href=\"https:\/\/worldpressfreedomcanada.ca\/fr\/ladepeche\/\" \/>\n<meta property=\"og:locale\" content=\"fr_FR\" \/>\n<meta property=\"og:type\" content=\"article\" \/>\n<meta property=\"og:title\" content=\"La D\u00e9p\u00eache - World Press Freedom Canada\" \/>\n<meta property=\"og:description\" content=\"Notre lettre d&rsquo;information bimestrielle La D\u00e9p\u00eache est notre lettre d&rsquo;information bimestrielle, qui fournit des informations cl\u00e9s sur les questions de libert\u00e9 de la presse au Canada et \u00e0 l&rsquo;\u00e9tranger. Elle vous informe sur les d\u00e9fis auxquels sont confront\u00e9s les journalistes, met en lumi\u00e8re nos efforts de plaidoyer et souligne l&rsquo;importance d&rsquo;une presse libre pour soutenir [&hellip;]\" \/>\n<meta property=\"og:url\" content=\"https:\/\/worldpressfreedomcanada.ca\/fr\/ladepeche\/\" \/>\n<meta property=\"og:site_name\" content=\"World Press Freedom Canada\" \/>\n<meta property=\"article:modified_time\" content=\"2025-02-18T20:44:43+00:00\" \/>\n<meta property=\"og:image\" content=\"https:\/\/worldpressfreedomcanada.ca\/wp-content\/uploads\/2025\/02\/istockphoto-1422478091-2048x2048-1.png\" \/>\n\t<meta property=\"og:image:width\" content=\"1440\" \/>\n\t<meta property=\"og:image:height\" content=\"502\" \/>\n\t<meta property=\"og:image:type\" content=\"image\/png\" \/>\n<meta name=\"twitter:card\" content=\"summary_large_image\" \/>\n<meta name=\"twitter:label1\" content=\"Dur\u00e9e de lecture estim\u00e9e\" \/>\n\t<meta name=\"twitter:data1\" content=\"1 minute\" \/>\n<script type=\"application\/ld+json\" class=\"yoast-schema-graph\">{\"@context\":\"https:\\\/\\\/schema.org\",\"@graph\":[{\"@type\":\"WebPage\",\"@id\":\"https:\\\/\\\/worldpressfreedomcanada.ca\\\/fr\\\/ladepeche\\\/\",\"url\":\"https:\\\/\\\/worldpressfreedomcanada.ca\\\/fr\\\/ladepeche\\\/\",\"name\":\"La D\u00e9p\u00eache - World Press Freedom Canada\",\"isPartOf\":{\"@id\":\"https:\\\/\\\/worldpressfreedomcanada.ca\\\/fr\\\/#website\"},\"primaryImageOfPage\":{\"@id\":\"https:\\\/\\\/worldpressfreedomcanada.ca\\\/fr\\\/ladepeche\\\/#primaryimage\"},\"image\":{\"@id\":\"https:\\\/\\\/worldpressfreedomcanada.ca\\\/fr\\\/ladepeche\\\/#primaryimage\"},\"thumbnailUrl\":\"https:\\\/\\\/worldpressfreedomcanada.ca\\\/wp-content\\\/uploads\\\/2025\\\/02\\\/istockphoto-1422478091-2048x2048-1.png\",\"datePublished\":\"2025-02-05T21:56:19+00:00\",\"dateModified\":\"2025-02-18T20:44:43+00:00\",\"breadcrumb\":{\"@id\":\"https:\\\/\\\/worldpressfreedomcanada.ca\\\/fr\\\/ladepeche\\\/#breadcrumb\"},\"inLanguage\":\"fr-FR\",\"potentialAction\":[{\"@type\":\"ReadAction\",\"target\":[\"https:\\\/\\\/worldpressfreedomcanada.ca\\\/fr\\\/ladepeche\\\/\"]}]},{\"@type\":\"ImageObject\",\"inLanguage\":\"fr-FR\",\"@id\":\"https:\\\/\\\/worldpressfreedomcanada.ca\\\/fr\\\/ladepeche\\\/#primaryimage\",\"url\":\"https:\\\/\\\/worldpressfreedomcanada.ca\\\/wp-content\\\/uploads\\\/2025\\\/02\\\/istockphoto-1422478091-2048x2048-1.png\",\"contentUrl\":\"https:\\\/\\\/worldpressfreedomcanada.ca\\\/wp-content\\\/uploads\\\/2025\\\/02\\\/istockphoto-1422478091-2048x2048-1.png\",\"width\":1440,\"height\":502},{\"@type\":\"BreadcrumbList\",\"@id\":\"https:\\\/\\\/worldpressfreedomcanada.ca\\\/fr\\\/ladepeche\\\/#breadcrumb\",\"itemListElement\":[{\"@type\":\"ListItem\",\"position\":1,\"name\":\"Home\",\"item\":\"https:\\\/\\\/worldpressfreedomcanada.ca\\\/fr\\\/\"},{\"@type\":\"ListItem\",\"position\":2,\"name\":\"La D\u00e9p\u00eache\"}]},{\"@type\":\"WebSite\",\"@id\":\"https:\\\/\\\/worldpressfreedomcanada.ca\\\/fr\\\/#website\",\"url\":\"https:\\\/\\\/worldpressfreedomcanada.ca\\\/fr\\\/\",\"name\":\"World Press Freedom Canada\",\"description\":\"Championing press freedom, defending democracy\",\"potentialAction\":[{\"@type\":\"SearchAction\",\"target\":{\"@type\":\"EntryPoint\",\"urlTemplate\":\"https:\\\/\\\/worldpressfreedomcanada.ca\\\/fr\\\/?s={search_term_string}\"},\"query-input\":{\"@type\":\"PropertyValueSpecification\",\"valueRequired\":true,\"valueName\":\"search_term_string\"}}],\"inLanguage\":\"fr-FR\"}]}<\/script>\n<!-- \/ Yoast SEO plugin. -->","yoast_head_json":{"title":"La D\u00e9p\u00eache - World Press Freedom Canada","robots":{"index":"index","follow":"follow","max-snippet":"max-snippet:-1","max-image-preview":"max-image-preview:large","max-video-preview":"max-video-preview:-1"},"canonical":"https:\/\/worldpressfreedomcanada.ca\/fr\/ladepeche\/","og_locale":"fr_FR","og_type":"article","og_title":"La D\u00e9p\u00eache - World Press Freedom Canada","og_description":"Notre lettre d&rsquo;information bimestrielle La D\u00e9p\u00eache est notre lettre d&rsquo;information bimestrielle, qui fournit des informations cl\u00e9s sur les questions de libert\u00e9 de la presse au Canada et \u00e0 l&rsquo;\u00e9tranger. Elle vous informe sur les d\u00e9fis auxquels sont confront\u00e9s les journalistes, met en lumi\u00e8re nos efforts de plaidoyer et souligne l&rsquo;importance d&rsquo;une presse libre pour soutenir [&hellip;]","og_url":"https:\/\/worldpressfreedomcanada.ca\/fr\/ladepeche\/","og_site_name":"World Press Freedom Canada","article_modified_time":"2025-02-18T20:44:43+00:00","og_image":[{"width":1440,"height":502,"url":"https:\/\/worldpressfreedomcanada.ca\/wp-content\/uploads\/2025\/02\/istockphoto-1422478091-2048x2048-1.png","type":"image\/png"}],"twitter_card":"summary_large_image","twitter_misc":{"Dur\u00e9e de lecture estim\u00e9e":"1 minute"},"schema":{"@context":"https:\/\/schema.org","@graph":[{"@type":"WebPage","@id":"https:\/\/worldpressfreedomcanada.ca\/fr\/ladepeche\/","url":"https:\/\/worldpressfreedomcanada.ca\/fr\/ladepeche\/","name":"La D\u00e9p\u00eache - World Press Freedom Canada","isPartOf":{"@id":"https:\/\/worldpressfreedomcanada.ca\/fr\/#website"},"primaryImageOfPage":{"@id":"https:\/\/worldpressfreedomcanada.ca\/fr\/ladepeche\/#primaryimage"},"image":{"@id":"https:\/\/worldpressfreedomcanada.ca\/fr\/ladepeche\/#primaryimage"},"thumbnailUrl":"https:\/\/worldpressfreedomcanada.ca\/wp-content\/uploads\/2025\/02\/istockphoto-1422478091-2048x2048-1.png","datePublished":"2025-02-05T21:56:19+00:00","dateModified":"2025-02-18T20:44:43+00:00","breadcrumb":{"@id":"https:\/\/worldpressfreedomcanada.ca\/fr\/ladepeche\/#breadcrumb"},"inLanguage":"fr-FR","potentialAction":[{"@type":"ReadAction","target":["https:\/\/worldpressfreedomcanada.ca\/fr\/ladepeche\/"]}]},{"@type":"ImageObject","inLanguage":"fr-FR","@id":"https:\/\/worldpressfreedomcanada.ca\/fr\/ladepeche\/#primaryimage","url":"https:\/\/worldpressfreedomcanada.ca\/wp-content\/uploads\/2025\/02\/istockphoto-1422478091-2048x2048-1.png","contentUrl":"https:\/\/worldpressfreedomcanada.ca\/wp-content\/uploads\/2025\/02\/istockphoto-1422478091-2048x2048-1.png","width":1440,"height":502},{"@type":"BreadcrumbList","@id":"https:\/\/worldpressfreedomcanada.ca\/fr\/ladepeche\/#breadcrumb","itemListElement":[{"@type":"ListItem","position":1,"name":"Home","item":"https:\/\/worldpressfreedomcanada.ca\/fr\/"},{"@type":"ListItem","position":2,"name":"La D\u00e9p\u00eache"}]},{"@type":"WebSite","@id":"https:\/\/worldpressfreedomcanada.ca\/fr\/#website","url":"https:\/\/worldpressfreedomcanada.ca\/fr\/","name":"World Press Freedom Canada","description":"Championing press freedom, defending democracy","potentialAction":[{"@type":"SearchAction","target":{"@type":"EntryPoint","urlTemplate":"https:\/\/worldpressfreedomcanada.ca\/fr\/?s={search_term_string}"},"query-input":{"@type":"PropertyValueSpecification","valueRequired":true,"valueName":"search_term_string"}}],"inLanguage":"fr-FR"}]}},"ticketed":false,"_links":{"self":[{"href":"https:\/\/worldpressfreedomcanada.ca\/fr\/wp-json\/wp\/v2\/pages\/19806","targetHints":{"allow":["GET"]}}],"collection":[{"href":"https:\/\/worldpressfreedomcanada.ca\/fr\/wp-json\/wp\/v2\/pages"}],"about":[{"href":"https:\/\/worldpressfreedomcanada.ca\/fr\/wp-json\/wp\/v2\/types\/page"}],"author":[{"embeddable":true,"href":"https:\/\/worldpressfreedomcanada.ca\/fr\/wp-json\/wp\/v2\/users\/1"}],"replies":[{"embeddable":true,"href":"https:\/\/worldpressfreedomcanada.ca\/fr\/wp-json\/wp\/v2\/comments?post=19806"}],"version-history":[{"count":1,"href":"https:\/\/worldpressfreedomcanada.ca\/fr\/wp-json\/wp\/v2\/pages\/19806\/revisions"}],"predecessor-version":[{"id":19808,"href":"https:\/\/worldpressfreedomcanada.ca\/fr\/wp-json\/wp\/v2\/pages\/19806\/revisions\/19808"}],"wp:featuredmedia":[{"embeddable":true,"href":"https:\/\/worldpressfreedomcanada.ca\/fr\/wp-json\/wp\/v2\/media\/19911"}],"wp:attachment":[{"href":"https:\/\/worldpressfreedomcanada.ca\/fr\/wp-json\/wp\/v2\/media?parent=19806"}],"curies":[{"name":"wp","href":"https:\/\/api.w.org\/{rel}","templated":true}]}}